{"id":85,"date":"2025-10-02T14:17:56","date_gmt":"2025-10-02T14:17:56","guid":{"rendered":"https:\/\/igmgmoosach.de\/?page_id=85"},"modified":"2025-10-02T14:18:38","modified_gmt":"2025-10-02T14:18:38","slug":"die-moschee-ein-ort-der-anbetung-begegnung-und-gemeinschaft","status":"publish","type":"page","link":"https:\/\/igmgmoosach.de\/?page_id=85","title":{"rendered":"Die Moschee"},"content":{"rendered":"\n<p>\u2013 Ein Ort der Anbetung, Begegnung und Gemeinschaft<\/p>\n\n\n\n<figure class=\"wp-block-image size-large\"><img loading=\"lazy\" decoding=\"async\" width=\"1024\" height=\"724\" src=\"https:\/\/igmgmoosach.de\/wp-content\/uploads\/2025\/10\/Boelge-Binasi-Wasserfarbe-1024x724.png\" alt=\"\" class=\"wp-image-86\" srcset=\"https:\/\/igmgmoosach.de\/wp-content\/uploads\/2025\/10\/Boelge-Binasi-Wasserfarbe-1024x724.png 1024w, https:\/\/igmgmoosach.de\/wp-content\/uploads\/2025\/10\/Boelge-Binasi-Wasserfarbe-300x212.png 300w, https:\/\/igmgmoosach.de\/wp-content\/uploads\/2025\/10\/Boelge-Binasi-Wasserfarbe-768x543.png 768w, https:\/\/igmgmoosach.de\/wp-content\/uploads\/2025\/10\/Boelge-Binasi-Wasserfarbe-1536x1086.png 1536w, https:\/\/igmgmoosach.de\/wp-content\/uploads\/2025\/10\/Boelge-Binasi-Wasserfarbe-2048x1448.png 2048w\" sizes=\"auto, (max-width: 1024px) 100vw, 1024px\" \/><\/figure>\n\n\n\n<p>F\u00fcr Musliminnen und Muslime ist die Moschee weit mehr als nur ein Ort, an dem das Gebet verrichtet wird. Sie ist ein zentraler Bestandteil des religi\u00f6sen und sozialen Lebens \u2013 ein Ort der Ruhe, der Besinnung, der Bildung und der Gemeinschaft.<\/p>\n\n\n\n<p>Die Moschee \u2013 auf Arabisch <em>Masjid<\/em>, was \u201eOrt der Niederwerfung\u201c bedeutet \u2013 ist vor allem ein Raum, in dem sich Gl\u00e4ubige zu den t\u00e4glichen f\u00fcnf Gebeten versammeln. Hier kommen Menschen zusammen, um gemeinsam Allah (Gott) zu gedenken, sich spirituell zu st\u00e4rken und sich an die Werte und Prinzipien des Islam zu erinnern. Das Gebet in Gemeinschaft f\u00f6rdert den Zusammenhalt und erinnert uns daran, dass wir Teil einer gr\u00f6\u00dferen Umma (Gemeinschaft der Gl\u00e4ubigen) sind.<\/p>\n\n\n\n<p>Doch die Moschee ist nicht nur ein Gebetsort. Sie ist ein Ort des Lernens und der Weitergabe von Wissen. Schon zu Zeiten des Propheten Muhammad (s.a.w.) war die Moschee auch ein Ort f\u00fcr Unterricht, Beratung und soziale Aktivit\u00e4ten. In dieser Tradition bieten wir Koranunterricht, islamische Bildung f\u00fcr Kinder und Erwachsene, Vortr\u00e4ge, Seminare und offene Gespr\u00e4chsrunden an.<\/p>\n\n\n\n<p>Auch das soziale Leben spielt in der Moschee eine wichtige Rolle. Sie ist ein Begegnungsraum, in dem sich Menschen unabh\u00e4ngig von Herkunft, Alter oder sozialem Status willkommen und angenommen f\u00fchlen k\u00f6nnen. Hier finden Gespr\u00e4che statt, werden Sorgen geteilt und Hilfe angeboten. Die Moschee ist ein Ort, an dem muslimisches Leben sichtbar wird \u2013 mit all seinen Facetten: religi\u00f6s, kulturell, menschlich.<\/p>\n\n\n\n<p>F\u00fcr viele ist die Moschee ein zweites Zuhause \u2013 ein Ort der Vertrautheit, an dem man zur Ruhe kommt, Kraft sch\u00f6pft und sich mit Gleichgesinnten austauscht. Auch f\u00fcr Kinder und Jugendliche ist sie ein sicherer Rahmen, in dem sie ihre Religion kennenlernen, Fragen stellen und Werte wie Respekt, Verantwortung und Solidarit\u00e4t erfahren k\u00f6nnen.<\/p>\n\n\n\n<p>Gleichzeitig verstehen wir unsere Moschee als einen offenen Ort, der zum Dialog einl\u00e4dt. Wer Interesse am Islam oder an unserer Arbeit hat, ist jederzeit willkommen, uns zu besuchen \u2013 sei es zum stillen Zuschauen, zum Gespr\u00e4ch oder zur aktiven Teilnahme an Veranstaltungen.<\/p>\n\n\n\n<p><strong>Die Moschee ist:<\/strong><\/p>\n\n\n\n<ul class=\"wp-block-list\">\n<li>Ein Ort der Anbetung und spirituellen Verbindung mit Allah<\/li>\n\n\n\n<li>Ein Raum f\u00fcr Bildung, Wissen und religi\u00f6se Entwicklung<\/li>\n\n\n\n<li>Ein Zentrum der Gemeinschaft, des sozialen Austauschs und der Solidarit\u00e4t<\/li>\n\n\n\n<li>Ein Ort des Friedens, der Offenheit und der Begegnung<\/li>\n<\/ul>\n\n\n\n<p>Unsere Moschee in Moosach m\u00f6chte all das f\u00fcr die Menschen vor Ort sein. Wir laden Sie herzlich ein, diesen Ort kennenzulernen \u2013 ob als Muslim oder als interessierter Gast.<\/p>\n","protected":false},"excerpt":{"rendered":"<p>\u2013 Ein Ort der Anbetung, Begegnung und Gemeinschaft F\u00fcr Musliminnen und Muslime ist die Moschee weit mehr als nur ein Ort, an dem das Gebet verrichtet wird. Sie ist ein zentraler Bestandteil des religi\u00f6sen und sozialen Lebens \u2013 ein Ort&#8230;<\/p>\n","protected":false},"author":1,"featured_media":0,"parent":0,"menu_order":0,"comment_status":"closed","ping_status":"closed","template":"","meta":{"_price":"","_stock":"","_tribe_ticket_header":"","_tribe_default_ticket_provider":"","_tribe_ticket_capacity":"0","_ticket_start_date":"","_ticket_end_date":"","_tribe_ticket_show_description":"","_tribe_ticket_show_not_going":false,"_tribe_ticket_use_global_stock":"","_tribe_ticket_global_stock_level":"","_global_stock_mode":"","_global_stock_cap":"","_tribe_rsvp_for_event":"","_tribe_ticket_going_count":"","_tribe_ticket_not_going_count":"","_tribe_tickets_list":"[]","_tribe_ticket_has_attendee_info_fields":false,"footnotes":"","_tec_slr_enabled":"","_tec_slr_layout":""},"class_list":["post-85","page","type-page","status-publish","hentry"],"ticketed":false,"_links":{"self":[{"href":"https:\/\/igmgmoosach.de\/index.php?rest_route=\/wp\/v2\/pages\/85","targetHints":{"allow":["GET"]}}],"collection":[{"href":"https:\/\/igmgmoosach.de\/index.php?rest_route=\/wp\/v2\/pages"}],"about":[{"href":"https:\/\/igmgmoosach.de\/index.php?rest_route=\/wp\/v2\/types\/page"}],"author":[{"embeddable":true,"href":"https:\/\/igmgmoosach.de\/index.php?rest_route=\/wp\/v2\/users\/1"}],"replies":[{"embeddable":true,"href":"https:\/\/igmgmoosach.de\/index.php?rest_route=%2Fwp%2Fv2%2Fcomments&post=85"}],"version-history":[{"count":2,"href":"https:\/\/igmgmoosach.de\/index.php?rest_route=\/wp\/v2\/pages\/85\/revisions"}],"predecessor-version":[{"id":89,"href":"https:\/\/igmgmoosach.de\/index.php?rest_route=\/wp\/v2\/pages\/85\/revisions\/89"}],"wp:attachment":[{"href":"https:\/\/igmgmoosach.de\/index.php?rest_route=%2Fwp%2Fv2%2Fmedia&parent=85"}],"curies":[{"name":"wp","href":"https:\/\/api.w.org\/{rel}","templated":true}]}}