{"id":58,"date":"2025-10-02T13:48:58","date_gmt":"2025-10-02T13:48:58","guid":{"rendered":"https:\/\/igmgmoosach.de\/?page_id=58"},"modified":"2025-10-02T14:28:03","modified_gmt":"2025-10-02T14:28:03","slug":"der-islam","status":"publish","type":"page","link":"https:\/\/igmgmoosach.de\/?page_id=58","title":{"rendered":"Der Islam"},"content":{"rendered":"\n<h2 class=\"wp-block-heading\">Der Islam \u2013 eine Weltreligion<\/h2>\n\n\n<div class=\"wp-block-image\">\n<figure class=\"aligncenter size-full is-resized\"><img loading=\"lazy\" decoding=\"async\" width=\"800\" height=\"800\" src=\"https:\/\/igmgmoosach.de\/wp-content\/uploads\/2025\/10\/pngwave-51.png\" alt=\"\" class=\"wp-image-59\" style=\"width:181px;height:auto\" srcset=\"https:\/\/igmgmoosach.de\/wp-content\/uploads\/2025\/10\/pngwave-51.png 800w, https:\/\/igmgmoosach.de\/wp-content\/uploads\/2025\/10\/pngwave-51-300x300.png 300w, https:\/\/igmgmoosach.de\/wp-content\/uploads\/2025\/10\/pngwave-51-150x150.png 150w, https:\/\/igmgmoosach.de\/wp-content\/uploads\/2025\/10\/pngwave-51-768x768.png 768w\" sizes=\"auto, (max-width: 800px) 100vw, 800px\" \/><\/figure><\/div>\n\n\n<p><\/p>\n\n\n\n<p>Der Islam ist die j\u00fcngste der drei gro\u00dfen monotheistischen Weltreligionen. Er entstand im 7. Jahrhundert in Mekka im heutigen Saudi-Arabien. Dort erhielt der Prophet Muhammad im Monat Ramadan die erste g\u00f6ttliche Offenbarung. Der Koran, wie wir ihn heute in H\u00e4nden halten, ist das Ergebnis der akribischen Sammlung, Verschriftlichung und Anordnung der einzelnen Verse (Ay\u00e2t) zu zusammenh\u00e4ngenden Kapiteln (Suren).<\/p>\n\n\n\n<p><strong>Die F\u00fcnf S\u00e4ulen<\/strong><\/p>\n\n\n\n<p>Die Grundlage des Islams bildet das Bekenntnis zur absoluten Einheit und Einzigkeit Gottes (Tawh\u00eed) und zur Prophetenschaft Muhammads. Sie ist zugleich Inhalt des Glaubensbekenntnisses (Schahada), der ersten der sogenannten \u201eF\u00fcnf S\u00e4ulen\u201c des Islams. Damit sind die die zentralen Gottesdienste gemeint, die jeder Muslim verrichten muss. Dazu geh\u00f6ren das f\u00fcnfmalige t\u00e4gliche Gebet (Sal\u00e2h), das Fasten im Monat Ramadan, die Sozialabgabe (Zakat) und schlie\u00dflich die Pilgerfahrt (Hadsch) nach Mekka, die nach M\u00f6glichkeit einmal im Leben vollzogen werden sollte. Diese Grundpfeiler des Islams st\u00e4rken \u2013 jede f\u00fcr sich \u2013 die individuelle Beziehung zwischen Mensch und Gott. Sie festigen das Bewusstsein f\u00fcr die Bed\u00fcrfnisse anderer Menschen und das solidarische Handeln.<\/p>\n\n\n\n<p><strong>Islam im Alltag<\/strong><\/p>\n\n\n\n<p>Der Islam ist eine lebendige Religion, die ihren Platz mitten im Leben hat. Die Glaubensinhalte spiegeln sich vor allem in der Lebensweise eines jeden Muslims. Werte wie Geduld, Hilfsbereitschaft, Gro\u00dfz\u00fcgigkeit, Bescheidenheit und Barmherzigkeit gegen\u00fcber Mensch und Tier sind nur ein kleiner Teil dessen, was der Islam den Menschen vermitteln m\u00f6chte.<\/p>\n\n\n\n<p>Alle Handlungen eines Muslims sind geleitet von dem Glauben an ein ewiges Leben nach dem Tode. F\u00fcr jedes noch so kleine Unrecht, dass er einem anderen Gesch\u00f6pf antut, wird der Mensch eines Tages Rechenschaft ablegen m\u00fcssen. Deshalb bem\u00fchen sich Muslime, der Gesellschaft, in der sie leben, durch ihre Handlungen stets von Nutzen und ihren Mitmenschen ein positives Vorbild zu sein.<\/p>\n\n\n<div class=\"wp-block-image\">\n<figure class=\"aligncenter size-full is-resized\"><img loading=\"lazy\" decoding=\"async\" width=\"300\" height=\"300\" src=\"https:\/\/igmgmoosach.de\/wp-content\/uploads\/2025\/10\/islam-borschuere-islam-300x300-1.jpg\" alt=\"\" class=\"wp-image-66\" style=\"width:197px;height:auto\" srcset=\"https:\/\/igmgmoosach.de\/wp-content\/uploads\/2025\/10\/islam-borschuere-islam-300x300-1.jpg 300w, https:\/\/igmgmoosach.de\/wp-content\/uploads\/2025\/10\/islam-borschuere-islam-300x300-1-150x150.jpg 150w\" sizes=\"auto, (max-width: 300px) 100vw, 300px\" \/><\/figure><\/div>\n\n\n<p class=\"has-text-align-center\"><em>Tippen Sie auf den Link, um die Brosch\u00fcre &#8220;Der Islam&#8221; als PDF zu erhalten.<\/em><\/p>\n\n\n\n<p class=\"has-text-align-center\"><a href=\"https:\/\/www.igmg.org\/wp-content\/uploads\/2015\/11\/Islam-Broschuere-Islam.pdf\">https:\/\/www.igmg.org\/wp-content\/uploads\/2015\/11\/Islam-Broschuere-Islam.pdf<\/a><\/p>\n\n\n\n<p><\/p>\n","protected":false},"excerpt":{"rendered":"<p>Der Islam \u2013 eine Weltreligion Der Islam ist die j\u00fcngste der drei gro\u00dfen monotheistischen Weltreligionen. Er entstand im 7. Jahrhundert in Mekka im heutigen Saudi-Arabien. Dort erhielt der Prophet Muhammad im Monat Ramadan die erste g\u00f6ttliche Offenbarung. Der Koran, wie&#8230;<\/p>\n","protected":false},"author":1,"featured_media":0,"parent":0,"menu_order":0,"comment_status":"closed","ping_status":"closed","template":"","meta":{"_price":"","_stock":"","_tribe_ticket_header":"","_tribe_default_ticket_provider":"","_tribe_ticket_capacity":"0","_ticket_start_date":"","_ticket_end_date":"","_tribe_ticket_show_description":"","_tribe_ticket_show_not_going":false,"_tribe_ticket_use_global_stock":"","_tribe_ticket_global_stock_level":"","_global_stock_mode":"","_global_stock_cap":"","_tribe_rsvp_for_event":"","_tribe_ticket_going_count":"","_tribe_ticket_not_going_count":"","_tribe_tickets_list":"[]","_tribe_ticket_has_attendee_info_fields":false,"footnotes":"","_tec_slr_enabled":"","_tec_slr_layout":""},"class_list":["post-58","page","type-page","status-publish","hentry"],"ticketed":false,"_links":{"self":[{"href":"https:\/\/igmgmoosach.de\/index.php?rest_route=\/wp\/v2\/pages\/58","targetHints":{"allow":["GET"]}}],"collection":[{"href":"https:\/\/igmgmoosach.de\/index.php?rest_route=\/wp\/v2\/pages"}],"about":[{"href":"https:\/\/igmgmoosach.de\/index.php?rest_route=\/wp\/v2\/types\/page"}],"author":[{"embeddable":true,"href":"https:\/\/igmgmoosach.de\/index.php?rest_route=\/wp\/v2\/users\/1"}],"replies":[{"embeddable":true,"href":"https:\/\/igmgmoosach.de\/index.php?rest_route=%2Fwp%2Fv2%2Fcomments&post=58"}],"version-history":[{"count":7,"href":"https:\/\/igmgmoosach.de\/index.php?rest_route=\/wp\/v2\/pages\/58\/revisions"}],"predecessor-version":[{"id":96,"href":"https:\/\/igmgmoosach.de\/index.php?rest_route=\/wp\/v2\/pages\/58\/revisions\/96"}],"wp:attachment":[{"href":"https:\/\/igmgmoosach.de\/index.php?rest_route=%2Fwp%2Fv2%2Fmedia&parent=58"}],"curies":[{"name":"wp","href":"https:\/\/api.w.org\/{rel}","templated":true}]}}