{"id":54,"date":"2025-10-02T13:44:18","date_gmt":"2025-10-02T13:44:18","guid":{"rendered":"https:\/\/igmgmoosach.de\/?page_id=54"},"modified":"2025-10-02T14:29:49","modified_gmt":"2025-10-02T14:29:49","slug":"selbstdarstellung","status":"publish","type":"page","link":"https:\/\/igmgmoosach.de\/?page_id=54","title":{"rendered":"Selbstdarstellung"},"content":{"rendered":"\n<figure class=\"wp-block-image size-full is-resized\"><img loading=\"lazy\" decoding=\"async\" width=\"626\" height=\"517\" src=\"https:\/\/igmgmoosach.de\/wp-content\/uploads\/2025\/10\/pngwave-78.png\" alt=\"\" class=\"wp-image-94\" style=\"width:314px;height:auto\" srcset=\"https:\/\/igmgmoosach.de\/wp-content\/uploads\/2025\/10\/pngwave-78.png 626w, https:\/\/igmgmoosach.de\/wp-content\/uploads\/2025\/10\/pngwave-78-300x248.png 300w\" sizes=\"auto, (max-width: 626px) 100vw, 626px\" \/><\/figure>\n\n\n\n<p class=\"has-text-align-left\"><strong>Wer wir sind<\/strong><\/p>\n\n\n\n<p>Die Islamische Gemeinschaft Mill\u00ee G\u00f6r\u00fc\u015f (IGMG) ist eine Religionsgemeinschaft. Sie hat das Ziel der Vermittlung und Pflege des islamischen Glaubens, seiner Verwirklichung in allen sozialen Bez\u00fcgen und der Erf\u00fcllung der koranischen Gebote. Dar\u00fcber hinaus vertritt die IGMG ihre Mitglieder in gesellschaftlichen, sozialen und politischen Angelegenheiten und setzt sich f\u00fcr die Sicherung ihrer Grundrechte ein.<\/p>\n\n\n\n<p>Die Hauptquellen des Islamverst\u00e4ndnisses der IGMG sind der Koran und die Sunna. Der Islam ist eine Religion, die viel mehr ist als die Abhaltung von Gottesdiensten in der Moschee. Sie erinnert die Gl\u00e4ubigen an ihre Verantwortung f\u00fcr ethische Werte in allen gesellschaftlichen und individuellen Lebensbereichen. Den Islam zu leben bedeutet f\u00fcr die IGMG, unabh\u00e4ngig von geographischen Grenzen und traditionellen Kulturr\u00e4umen, das Leben in allen Belangen an den Ma\u00dfst\u00e4ben des Korans und der Sunna des Propheten auszurichten. Unterschiedliche Formen der religi\u00f6sen Praxis, denen die Quellen islamischer Rechtsfindung, d. h. Koran, Sunna, Konsens (Idschm\u00e2) und Analogieschluss (Kiy\u00e2s) zugrundeliegen, sind f\u00fcr die IGMG eine Bereicherung des religi\u00f6sen und gesellschaftlichen Lebens.<\/p>\n\n\n\n<p>Die Mitglieder der IGMG pflegen ihre Beziehungen zu ihren Herkunftsl\u00e4ndern, sie betrachten sich aber auch als fester und dauerhafter Teil der hiesigen Gesellschaft. Insofern ist es ureigenes Interesse der IGMG, sich f\u00fcr gesellschaftliche Harmonie und Wohlfahrt einzusetzen. Als Teil der weltweiten islamischen Gemeinschaft (Umma) ist es zudem Aufgabe der IGMG, die Probleme der Muslime weltweit aufmerksam zu beobachten und zu ihrer L\u00f6sung beizutragen.<\/p>\n\n\n\n<p>Der Schutz von und die Hilfe f\u00fcr Menschen in Not kann aus islamischer Sicht nur gemeinschaftlich erf\u00fcllt werden. Weltweit unterst\u00fctzt die IGMG deshalb in Zusammenarbeit mit staatlichen Institutionen und zivilgesellschaftlichen Organisationen den Kampf gegen Ungerechtigkeiten. Sie setzt sich f\u00fcr L\u00f6sungen wirtschaftlicher, politischer und sozialer Probleme ein, um elementare Tugenden wie das Gute und die Solidarit\u00e4t zwischen den Menschen zu f\u00f6rdern. Im Einklang mit den Worten des Propheten \u201eWetteifert im Guten und in der Gottgef\u00e4lligkeit\u201c oder \u201eErleichtert, erschwert nicht\u201c, tritt die IGMG f\u00fcr universelle Werte und gegenseitige Solidarit\u00e4t ein. Im Islam gibt es individuelle Gebote und jene, die nur gemeinschaftlich erf\u00fcllt werden k\u00f6nnen; vor allem in gesellschaftlichen Angelegenheiten ist gemeinsames Engagement notwendig. Und oftmals bedarf es f\u00fcr den Schutz der Armen und Bed\u00fcrftigen einer Auseinandersetzung mit manifesten Mechanismen, die das Gute verhindern und das Schlechte f\u00f6rdern. Sich dem entgegenzusetzen ist Ansporn f\u00fcr Hunderttausende Muslime in ganz Europa, sich als Gemeinschaft unter dem Dach der IGMG zusammenzuschlie\u00dfen.<\/p>\n\n\n\n<p><strong>Was bedeutet Mill\u00ee G\u00f6r\u00fc\u015f<\/strong><\/p>\n\n\n\n<p>Der islamischen Lehre zufolge stammt die Menschheit von dem ersten Menschen und Propheten Adam ab. Seitdem betraute Allah zahllose Propheten mit der Verk\u00fcndung seiner Botschaft als Richtschnur und Rechtleitung f\u00fcr alle Menschen. Einer dieser Propheten war Abraham, der als Begr\u00fcnder des Monotheismus gilt. Der Name der IGMG steht in direkter Beziehung zum Propheten Abraham. Denn an vielen<br>Stellen im Koran ist im Zusammenhang mit der Wiederbelebung des Monotheismus durch den Islam auch von Muslimen als der \u201eMilla\u201c (Gemeinschaft) Abrahams die Rede. So etwa unter anderem in den Suren Nahl, Vers 123, \u00c2li Imr\u00e2n, Vers 95 und Nis\u00e2, Vers 125.<\/p>\n\n\n\n<p>Demnach beschreibt \u201eMill\u00ee G\u00f6r\u00fc\u015f\u201c (\u201eg\u00f6r\u00fc\u015f\u201c t\u00fcrkisch f\u00fcr \u201eSichtweise\u201c) eine Gemeinschaft, die ihre Sichtweise und ihren Glauben auf die Gemeinschaft Abrahams zur\u00fcckf\u00fchrt und dem Weg des Propheten Muhammad folgt. Ihr Ziel ist es, dieser Perspektive und dem Selbstverst\u00e4ndnis einer islamischen Gemeinschaft gerecht zu werden, und sich f\u00fcr das Wohlergehen der Menschen einzusetzen.<\/p>\n\n\n\n<p><strong>Historische Entwicklung<\/strong><\/p>\n\n\n\n<p>Ab den 1960er Jahren emigrierten Millionen Muslime aus der T\u00fcrkei und anderen L\u00e4ndern nach Europa, um in Deutschland und anderen Staaten Europas zu arbeiten. Mit Beginn des Familiennachzuges und der dauerhaften Sesshaftwerdung der sogenannten Gastarbeiter ab den 70er Jahren fanden sich erste kleine Gemeinden zusammen und er\u00f6ffneten eigene Gebetsr\u00e4ume. Diese Gemeinschaften vernetzten sich schon bald zu F\u00f6derationen auf regionaler Ebene. Allerdings fehlte ein zentraler Dachverband, der insbesondere Aufgaben wie den Bau von Moscheen, die Organisation der Pilgerfahrten und die Anwerbung und Ausbildung von Imamen h\u00e4tte \u00fcbernehmen k\u00f6nnen.<\/p>\n\n\n\n<p>Ende der 70er Jahre fand die europaweite Vernetzung der Arbeit statt. In den 80er Jahren entwickelten sich feste Strukturen, was zur Gr\u00fcndnung der AMGT als Vorl\u00e4ufer der heutigen IGMG f\u00fchrte. Dank einer st\u00e4ndig wachsenden Zahl von Regionalverb\u00e4nden und Zweigstellen entwickelte sich die IGMG in den Folgejahren zu einer der gr\u00f6\u00dften zivilgesellschaftlichen Organisationen Europas. Heute ist die IGMG eine Gemeinschaft, die der umfassenden Religionsverwirklichung dient und mit ihrer Frauen-, Jugend-, Studierenden- und Frauenjugendorganisation knapp 2500 Zweigstellen unterh\u00e4lt. Sie ist eine fest etablierte Organisation, die ihre Arbeit in vielen L\u00e4ndern Europas, sowie in den USA, in Australien, Japan, Kanada und Kirgisistan durchf\u00fchrt. Mit ihren 40 Regionalverb\u00e4nden, 20.000 Mitwirkenden und rund 170.000 Mitgliedern, f\u00fchrt die IGMG ihre Dienstleistungen f\u00fcr Hunderttausende Menschen ohne Unterbrechung fort.<\/p>\n\n\n\n<p><strong>Struktur des Zentralverbands<\/strong><\/p>\n\n\n\n<p>Das vom Vorsitzenden geleitete Pr\u00e4sidium ist neben dem vertretungsberechtigten Vorstand das h\u00f6chste Entscheidungs- und F\u00fchrungsgremium der IGMG. Es besteht aus den Leitern der acht Abteilungen Generalsekretariat, Gemeindeentwicklung, Finanzen, Irschad, Bildung, Frauen,<br>Jugend und Frauenjugend sowie den Beratern des Vorsitzenden. Verantwortlich f\u00fcr die Umsetzung der im Pr\u00e4sidium getroffenen Beschl\u00fcsse<br>ist der Zentrale Ausf\u00fchrungsausschuss. Er setzt sich zusammen aus den im Pr\u00e4sidium vertretenen Abteilungsleitern, den stellvertretenden<br>Abteilungsleitern des Generalsekretariats, der Irschadabteilung, der Bildungsabteilung und der Abteilung f\u00fcr Gemeindeentwicklung. Weiterhin sind im Zentralen Ausf\u00fchrungsausschuss die Leiter der Abteilungen f\u00fcr Soziale Dienste, f\u00fcr Hadsch- und Umra-Reisen, der Leiter der Aufsichtskommission, die Leiter der Buchhaltung, der Personal- und technischen Verwaltungsabteilung sowie der Studentenabteilung vertreten.<\/p>\n\n\n\n<p>Jede IGMG-Abteilung hat unterschiedliche Arbeitsfelder und Zielgruppen, nach denen sie ihre Dienste in Zusammenarbeit mit den jeweiligen Unterabteilungen ausrichtet.<\/p>\n\n\n<div class=\"wp-block-image\">\n<figure class=\"aligncenter size-full is-resized\"><img loading=\"lazy\" decoding=\"async\" width=\"887\" height=\"887\" src=\"https:\/\/igmgmoosach.de\/wp-content\/uploads\/2025\/10\/organisationsstruktur_igmg.png\" alt=\"\" class=\"wp-image-92\" style=\"width:513px;height:auto\" srcset=\"https:\/\/igmgmoosach.de\/wp-content\/uploads\/2025\/10\/organisationsstruktur_igmg.png 887w, https:\/\/igmgmoosach.de\/wp-content\/uploads\/2025\/10\/organisationsstruktur_igmg-300x300.png 300w, https:\/\/igmgmoosach.de\/wp-content\/uploads\/2025\/10\/organisationsstruktur_igmg-150x150.png 150w, https:\/\/igmgmoosach.de\/wp-content\/uploads\/2025\/10\/organisationsstruktur_igmg-768x768.png 768w\" sizes=\"auto, (max-width: 887px) 100vw, 887px\" \/><\/figure><\/div>\n\n\n<p><strong>Organisationsstruktur<\/strong><\/p>\n\n\n\n<p>Die T\u00e4tigkeiten der IGMG werden je nach Bedarf von den Zweigstellen, Regionalverb\u00e4nden oder dem Zentralverband in Form eines arbeitsteiligen Zusammenwirkens durchgef\u00fchrt. Die Moscheegemeinde stellt die kleinste funktionale Einheit dar. Hier werden unter anderem die t\u00e4glichen Gebete verrichtet und religi\u00f6ser Unterricht erteilt. Aufgrund der r\u00e4umlichen N\u00e4he zu den Mitgliedern k\u00f6nnen hier zudem bedarfsgerechte Angebote f\u00fcr die Zielgruppen der Frauen-, Jugend- und Frauenjugendorganisation in den Bereichen Bildungs- und Sozialarbeit unterbreitet werden.<\/p>\n\n\n\n<p>IGMG-Moscheen sind in Deutschland sowie in Frankreich, in der Schweiz, Italien, \u00d6sterreich, Norwegen, Schweden, D\u00e4nemark, den Niederlanden, Belgien und England sowie in Kanada und Australien aktiv. Moscheegemeinden und weitere Zweigstellen arbeiten mit den jeweiligen Abteilungen in den 35 Regional- und Landesverb\u00e4nden zusammen. Mit insgesamt 15 Regionalverb\u00e4nden ist die IGMG in Deutschland vertreten.<\/p>\n\n\n\n<p>Als Bindeglied zwischen Zentrale und Zweigstelle koordinieren die Regionalverb\u00e4nde die T\u00e4tigkeiten der Zweigstellen. Die Regionalverb\u00e4nde begleiten die lokalen und regionalen T\u00e4tigkeiten, stellen einen Arbeitsplan auf und handeln gem\u00e4\u00df den von der Zentrale bereitgestelllten Strategien f\u00fcr die Umsetzung grundlegender Ziele.<\/p>\n\n\n\n<p>Der Zentralverband plant und kontrolliert die vielf\u00e4ltigen Aktivit\u00e4ten der IGMG, damit diese fl\u00e4chendeckend in allen Zweigstellen angeboten werden k\u00f6nnen und zudem ein einheitlicher Standard gew\u00e4hrleistet werden kann. Aktivit\u00e4ten wie Pilgerreisen, das Zakat- und Spendenwesen, das Opfern (Kurban) und die Erstellung des Gebetskalenders, die von den Zweigstellen oder Regionalverb\u00e4nden nicht selbstst\u00e4ndig durchgef\u00fchrt werden k\u00f6nnen, \u00fcbernimmt die Zentrale. Der Verantwortung des Zentralverbandes unterliegen weiterhin die Ausbildung und Bereitstellung von Imamen, der Bestattungsdienst und der Buchklub. Letzterer bietet vor allem Literatur zu religi\u00f6sen, kulturellen und gesellschaftlichen Themen an.<\/p>\n\n\n\n<p>Die IGMG unterh\u00e4lt 518 Moscheen, davon 323 in Deutschland. Daneben geh\u00f6ren Frauen-, Jugend-, Sch\u00fcler-, Bildungs-, Kultur- und Sportvereine zum Netzwerk der Organisation. Insgesamt bietet die IGMG ihre Dienstleistungen in 2.330 Zweigstellen an f\u00fcr ihre 127.000 Mitglieder. Einschlie\u00dflich der Teilnehmer an den w\u00f6chentlichen Freitagsgebeten erreicht die IGMG etwa 350.000 Personen.<\/p>\n","protected":false},"excerpt":{"rendered":"<p>Wer wir sind Die Islamische Gemeinschaft Mill\u00ee G\u00f6r\u00fc\u015f (IGMG) ist eine Religionsgemeinschaft. Sie hat das Ziel der Vermittlung und Pflege des islamischen Glaubens, seiner Verwirklichung in allen sozialen Bez\u00fcgen und der Erf\u00fcllung der koranischen Gebote. Dar\u00fcber hinaus vertritt die IGMG&#8230;<\/p>\n","protected":false},"author":1,"featured_media":0,"parent":0,"menu_order":0,"comment_status":"closed","ping_status":"closed","template":"","meta":{"_price":"","_stock":"","_tribe_ticket_header":"","_tribe_default_ticket_provider":"","_tribe_ticket_capacity":"0","_ticket_start_date":"","_ticket_end_date":"","_tribe_ticket_show_description":"","_tribe_ticket_show_not_going":false,"_tribe_ticket_use_global_stock":"","_tribe_ticket_global_stock_level":"","_global_stock_mode":"","_global_stock_cap":"","_tribe_rsvp_for_event":"","_tribe_ticket_going_count":"","_tribe_ticket_not_going_count":"","_tribe_tickets_list":"[]","_tribe_ticket_has_attendee_info_fields":false,"footnotes":"","_tec_slr_enabled":"","_tec_slr_layout":""},"class_list":["post-54","page","type-page","status-publish","hentry"],"ticketed":false,"_links":{"self":[{"href":"https:\/\/igmgmoosach.de\/index.php?rest_route=\/wp\/v2\/pages\/54","targetHints":{"allow":["GET"]}}],"collection":[{"href":"https:\/\/igmgmoosach.de\/index.php?rest_route=\/wp\/v2\/pages"}],"about":[{"href":"https:\/\/igmgmoosach.de\/index.php?rest_route=\/wp\/v2\/types\/page"}],"author":[{"embeddable":true,"href":"https:\/\/igmgmoosach.de\/index.php?rest_route=\/wp\/v2\/users\/1"}],"replies":[{"embeddable":true,"href":"https:\/\/igmgmoosach.de\/index.php?rest_route=%2Fwp%2Fv2%2Fcomments&post=54"}],"version-history":[{"count":5,"href":"https:\/\/igmgmoosach.de\/index.php?rest_route=\/wp\/v2\/pages\/54\/revisions"}],"predecessor-version":[{"id":99,"href":"https:\/\/igmgmoosach.de\/index.php?rest_route=\/wp\/v2\/pages\/54\/revisions\/99"}],"wp:attachment":[{"href":"https:\/\/igmgmoosach.de\/index.php?rest_route=%2Fwp%2Fv2%2Fmedia&parent=54"}],"curies":[{"name":"wp","href":"https:\/\/api.w.org\/{rel}","templated":true}]}}