{"id":186,"date":"2025-10-02T20:02:13","date_gmt":"2025-10-02T20:02:13","guid":{"rendered":"https:\/\/igmgmoosach.de\/?page_id=186"},"modified":"2025-10-02T20:04:37","modified_gmt":"2025-10-02T20:04:37","slug":"frauen","status":"publish","type":"page","link":"https:\/\/igmgmoosach.de\/?page_id=186","title":{"rendered":"Frauen"},"content":{"rendered":"<div class=\"wp-block-image\">\n<figure class=\"aligncenter size-full is-resized\"><img loading=\"lazy\" decoding=\"async\" width=\"1000\" height=\"600\" src=\"https:\/\/igmgmoosach.de\/wp-content\/uploads\/2025\/10\/NNPS_Web.jpg\" alt=\"\" class=\"wp-image-189\" style=\"width:352px;height:auto\" srcset=\"https:\/\/igmgmoosach.de\/wp-content\/uploads\/2025\/10\/NNPS_Web.jpg 1000w, https:\/\/igmgmoosach.de\/wp-content\/uploads\/2025\/10\/NNPS_Web-300x180.jpg 300w, https:\/\/igmgmoosach.de\/wp-content\/uploads\/2025\/10\/NNPS_Web-768x461.jpg 768w\" sizes=\"auto, (max-width: 1000px) 100vw, 1000px\" \/><\/figure><\/div>\n\n\n<h3 class=\"wp-block-heading\"><br><strong>Willkommen in der Frauenabteilung der Islamischen Gemeinschaft Milli G\u00f6r\u00fc\u015f \u2013 Moosach<\/strong><\/h3>\n\n\n\n<p>Die Frauenabteilung der Islamischen Gemeinschaft Milli G\u00f6r\u00fcs ist ein lebendiger Ort f\u00fcr alle Frauen, die zwischen religi\u00f6ser Weiterbildung, gemeinschaftlichem Austausch und pers\u00f6nlicher Entwicklung eine Balance finden m\u00f6chten. Unsere vielf\u00e4ltigen Angebote richten sich an Frauen jeden Alters und bieten eine Plattform f\u00fcr spirituelles Wachstum, praktische F\u00e4higkeiten und soziale Vernetzung.<\/p>\n\n\n\n<p><strong>Unsere Aktivit\u00e4ten im \u00dcberblick:<\/strong><\/p>\n\n\n\n<ul class=\"wp-block-list\">\n<li><strong>W\u00f6chentlicher Koranunterricht:<\/strong> Der Koran ist der Schl\u00fcssel zu unserem Glauben. Unser Koranunterricht richtet sich an Frauen aller Altersgruppen und Levels. Hier geht es nicht nur um das Rezitieren, sondern auch um das Verstehen und Anwenden der Lehren im Alltag.<\/li>\n\n\n\n<li><strong>Islamunterricht:<\/strong> Zus\u00e4tzlich zum Koranunterricht bieten wir auch regelm\u00e4\u00dfige Islamvortr\u00e4ge und Kurse an. Diese bieten tiefe Einblicke in die islamische Geschichte, Ethik und die Rolle der Frau im Islam. Ein wertvoller Raum, um den eigenen Glauben zu st\u00e4rken und mehr \u00fcber die eigene Religion zu lernen.<\/li>\n\n\n\n<li><strong>Handarbeitskurse:<\/strong> F\u00fcr alle kreativen K\u00f6pfe bieten wir Handarbeitskurse an, in denen Frauen in einer entspannten Atmosph\u00e4re ihre F\u00e4higkeiten weiterentwickeln k\u00f6nnen. Dies f\u00f6rdert nicht nur die Kreativit\u00e4t, sondern auch das Miteinander und die Solidarit\u00e4t innerhalb der Gemeinde.<\/li>\n\n\n\n<li><strong>Sportliche Aktivit\u00e4ten:<\/strong> Bewegung ist wichtig f\u00fcr K\u00f6rper und Geist! Wir bieten verschiedene sportliche Aktivit\u00e4ten an, die nicht nur der k\u00f6rperlichen Fitness dienen, sondern auch den Zusammenhalt unter den Frauen st\u00e4rken.<\/li>\n\n\n\n<li><strong>Fr\u00fchst\u00fcckstreffs und Lesezirkel:<\/strong> Unsere Fr\u00fchst\u00fcckstreffs bieten eine wunderbare Gelegenheit, sich in gem\u00fctlicher Atmosph\u00e4re auszutauschen. Beim Lesezirkel kommen wir zusammen, um interessante B\u00fccher zu lesen und dar\u00fcber zu diskutieren \u2013 sowohl islamische Literatur als auch andere Themen, die die pers\u00f6nliche Entwicklung f\u00f6rdern.<\/li>\n\n\n\n<li><strong>W\u00f6chentliche Vortr\u00e4ge:<\/strong> Jeden Woche bieten wir inspirierende Vortr\u00e4ge zu verschiedenen Themen an, die nicht nur den Glauben st\u00e4rken, sondern auch Einblicke in aktuelle gesellschaftliche Fragen und pers\u00f6nliche Herausforderungen geben.<\/li>\n\n\n\n<li><strong>Krabbelgruppen und Kindergarten:<\/strong> F\u00fcr junge M\u00fctter bieten wir Krabbelgruppen und Kindergartenaktivit\u00e4ten an, bei denen Kinder in einem sicheren und liebevollen Umfeld lernen und spielen k\u00f6nnen, w\u00e4hrend die M\u00fctter sich untereinander austauschen und unterst\u00fctzen.<\/li>\n\n\n\n<li><strong>Gemeinsame Ausfl\u00fcge:<\/strong> Wir organisieren regelm\u00e4\u00dfige Ausfl\u00fcge und Freizeitaktivit\u00e4ten, um das Gemeinschaftsgef\u00fchl zu st\u00e4rken und neue Erfahrungen zu sammeln. Diese Ausfl\u00fcge sind eine tolle Gelegenheit, sich abseits des Alltags zu entspannen und sich besser kennenzulernen.<\/li>\n<\/ul>\n\n\n\n<p><strong>Warum du dabei sein solltest:<\/strong><br>Unsere Frauenabteilung ist nicht nur ein Ort f\u00fcr religi\u00f6se Weiterbildung, sondern auch ein Raum f\u00fcr pers\u00f6nliche Entfaltung und Unterst\u00fctzung. Hier kannst du dich als Frau mit anderen engagierten Musliminnen austauschen, Neues lernen und Teil einer starken und solidarischen Gemeinschaft werden. Unsere Angebote f\u00f6rdern sowohl deine spirituelle als auch deine pers\u00f6nliche Entwicklung \u2013 in einem respektvollen, sicheren und einladenden Umfeld.<\/p>\n\n\n\n<p><strong>Komm vorbei, nimm an unseren Veranstaltungen teil und sei Teil einer aktiven und engagierten Gemeinschaft!<\/strong><\/p>\n","protected":false},"excerpt":{"rendered":"<p>Willkommen in der Frauenabteilung der Islamischen Gemeinschaft Milli G\u00f6r\u00fc\u015f \u2013 Moosach Die Frauenabteilung der Islamischen Gemeinschaft Milli G\u00f6r\u00fcs ist ein lebendiger Ort f\u00fcr alle Frauen, die zwischen religi\u00f6ser Weiterbildung, gemeinschaftlichem Austausch und pers\u00f6nlicher Entwicklung eine Balance finden m\u00f6chten. Unsere vielf\u00e4ltigen&#8230;<\/p>\n","protected":false},"author":1,"featured_media":0,"parent":0,"menu_order":0,"comment_status":"closed","ping_status":"closed","template":"","meta":{"_price":"","_stock":"","_tribe_ticket_header":"","_tribe_default_ticket_provider":"","_tribe_ticket_capacity":"0","_ticket_start_date":"","_ticket_end_date":"","_tribe_ticket_show_description":"","_tribe_ticket_show_not_going":false,"_tribe_ticket_use_global_stock":"","_tribe_ticket_global_stock_level":"","_global_stock_mode":"","_global_stock_cap":"","_tribe_rsvp_for_event":"","_tribe_ticket_going_count":"","_tribe_ticket_not_going_count":"","_tribe_tickets_list":"[]","_tribe_ticket_has_attendee_info_fields":false,"footnotes":"","_tec_slr_enabled":"","_tec_slr_layout":""},"class_list":["post-186","page","type-page","status-publish","hentry"],"ticketed":false,"_links":{"self":[{"href":"https:\/\/igmgmoosach.de\/index.php?rest_route=\/wp\/v2\/pages\/186","targetHints":{"allow":["GET"]}}],"collection":[{"href":"https:\/\/igmgmoosach.de\/index.php?rest_route=\/wp\/v2\/pages"}],"about":[{"href":"https:\/\/igmgmoosach.de\/index.php?rest_route=\/wp\/v2\/types\/page"}],"author":[{"embeddable":true,"href":"https:\/\/igmgmoosach.de\/index.php?rest_route=\/wp\/v2\/users\/1"}],"replies":[{"embeddable":true,"href":"https:\/\/igmgmoosach.de\/index.php?rest_route=%2Fwp%2Fv2%2Fcomments&post=186"}],"version-history":[{"count":2,"href":"https:\/\/igmgmoosach.de\/index.php?rest_route=\/wp\/v2\/pages\/186\/revisions"}],"predecessor-version":[{"id":193,"href":"https:\/\/igmgmoosach.de\/index.php?rest_route=\/wp\/v2\/pages\/186\/revisions\/193"}],"wp:attachment":[{"href":"https:\/\/igmgmoosach.de\/index.php?rest_route=%2Fwp%2Fv2%2Fmedia&parent=186"}],"curies":[{"name":"wp","href":"https:\/\/api.w.org\/{rel}","templated":true}]}}